{"id":654,"date":"2023-10-02T17:53:18","date_gmt":"2023-10-02T17:53:18","guid":{"rendered":"https:\/\/charming-dewdney.38-242-201-227.plesk.page\/?page_id=654"},"modified":"2024-08-07T11:19:10","modified_gmt":"2024-08-07T11:19:10","slug":"fuar-alani","status":"publish","type":"page","link":"https:\/\/yachtlifeboatshow.com\/en\/fuar-alani\/","title":{"rendered":"Fairground"},"content":{"rendered":"<h5>Antalya Anfa\u015f Fair and Congress Center<\/h5>\n<p>\t\t\t\t\t\t\t\t\t\t\t\t\t\t\t<img decoding=\"async\" width=\"800\" height=\"273\" src=\"https:\/\/yachtlifeboatshow.com\/wp-content\/uploads\/2023\/10\/fuar-alani.jpeg\" alt=\"\" srcset=\"https:\/\/yachtlifeboatshow.com\/wp-content\/uploads\/2023\/10\/fuar-alani.jpeg 800w, https:\/\/yachtlifeboatshow.com\/wp-content\/uploads\/2023\/10\/fuar-alani-300x102.jpeg 300w, https:\/\/yachtlifeboatshow.com\/wp-content\/uploads\/2023\/10\/fuar-alani-768x262.jpeg 768w\" sizes=\"(max-width: 800px) 100vw, 800px\" \/>\t\t\t\t\t\t\t\t\t\t\t\t\t\t\t<\/p>\n<p>ANFA\u015e, Antalya&#8217;n\u0131n fuarlar ve kongreler kenti olarak \u00f6nemini s\u00fcrd\u00fcrmesine katk\u0131 sa\u011flayan bir organizasyon firmas\u0131d\u0131r. Kentin ekonomik ve k\u00fclt\u00fcrel a\u00e7\u0131dan b\u00fcy\u00fcmesine \u00f6nemli katk\u0131larda bulunan ANFA\u015e etkinlikleri, denizcilik fuarlar\u0131ndan otelcilik organizasyonlar\u0131na kadar bir\u00e7ok alanda kente zenginlik katmaktad\u0131r. Bu nedenle, ANFA\u015e&#8217;\u0131n d\u00fczenledi\u011fi etkinliklerin her biri, denizcilikten turizme kadar bir\u00e7ok sekt\u00f6rdeki profesyoneller ve merakl\u0131lar i\u00e7in ka\u00e7\u0131r\u0131lmayacak f\u0131rsatlar sunmaktad\u0131r.<\/p>\n<ul>\n<li>40.000 m\u00b2 kapal\u0131 alan<\/li>\n<li style=\"font-size: 16px;\">20.000 m\u00b2 a\u00e7\u0131k alan<\/li>\n<li>Toplam 55.587 ziyaret\u00e7i&nbsp;<\/li>\n<li>15 farkl\u0131 kongre salonu<\/li>\n<li>255 farkl\u0131 noktadan u\u00e7u\u015f imkan\u0131<\/li>\n<\/ul>\n<p>\t\t\t\t\t\t\t\t\t\t\t\t\t\t\t<img decoding=\"async\" width=\"1700\" height=\"300\" src=\"https:\/\/yachtlifeboatshow.com\/wp-content\/uploads\/2023\/11\/fuar-alani.png\" alt=\"\" srcset=\"https:\/\/yachtlifeboatshow.com\/wp-content\/uploads\/2023\/11\/fuar-alani.png 1700w, https:\/\/yachtlifeboatshow.com\/wp-content\/uploads\/2023\/11\/fuar-alani-300x53.png 300w, https:\/\/yachtlifeboatshow.com\/wp-content\/uploads\/2023\/11\/fuar-alani-1024x181.png 1024w, https:\/\/yachtlifeboatshow.com\/wp-content\/uploads\/2023\/11\/fuar-alani-768x136.png 768w, https:\/\/yachtlifeboatshow.com\/wp-content\/uploads\/2023\/11\/fuar-alani-1536x271.png 1536w, https:\/\/yachtlifeboatshow.com\/wp-content\/uploads\/2023\/11\/fuar-alani-18x3.png 18w\" sizes=\"(max-width: 1700px) 100vw, 1700px\" \/>\t\t\t\t\t\t\t\t\t\t\t\t\t\t\t<\/p>\n<h1>Yat ve Tekne Fuar Alan\u0131<\/h1>\n<p><a href=\"https:\/\/yachtlifeboatshow.com\/en\/\">Tekne fuarlar\u0131,<\/a> denizcilik d\u00fcnyas\u0131n\u0131n en son trendleri, yenilikleri ve zarif tasar\u0131mlar\u0131 bir araya getiren, geni\u015f kapsaml\u0131 etkinliklerdir. Bu muazzam organizasyonlar, genellikle b\u00fcy\u00fck bir alanda ger\u00e7ekle\u015fir ve denizcilikle ilgilenenleri, yat sahiplerini, sekt\u00f6r profesyonellerini ve sadece denizle dolu bir atmosferde vakit ge\u00e7irmek isteyenleri bir araya getirir. \u0130\u015fte, tekne fuar alan\u0131 b\u00fcy\u00fcleyici d\u00fcnyas\u0131na dair bir g\u00f6z at\u0131\u015f.<\/p>\n<h2>Fuar Alan\u0131 B\u00fcy\u00fckl\u00fc\u011f\u00fc ve \u00c7e\u015fitlili\u011fi<\/h2>\n<p><a href=\"https:\/\/yachtlifetravel.com\/\" target=\"_blank\" rel=\"noopener\">Tekne fuarlar\u0131<\/a> genellikle geni\u015f ve \u00e7ok y\u00f6nl\u00fc alanlarda d\u00fczenlenir. Bu alanlar, y\u00fczlerce hatta binlerce metrekareye kadar uzanabilir. Bu b\u00fcy\u00fckl\u00fck, fuarlara kat\u0131lan bir\u00e7ok firma, marka ve yat \u00fcreticisinin \u00fcr\u00fcnlerini sergileyebilmesine olanak tan\u0131r. Ziyaret\u00e7iler, farkl\u0131 b\u00fcy\u00fckl\u00fckte ve \u00f6zellikteki tekneleri inceleme f\u0131rsat\u0131 bulurken, denizcilikle ilgili bir\u00e7ok farkl\u0131 \u00fcr\u00fcn ve hizmeti de ke\u015ffederler.<\/p>\n<h3>Sergilenen Tekne Modelleri ve Tasar\u0131mlar\u0131<\/h3>\n<p>Fuar alan\u0131nda sergilenen tekne modelleri, geni\u015f bir yelpazede \u00e7e\u015fitlilik g\u00f6sterir. Yatlar, katamaranlar, motoryatlar, yelkenliler ve daha bir\u00e7ok farkl\u0131 tip tekne, ziyaret\u00e7ilere g\u00f6rsel bir \u015f\u00f6len sunar. Ayr\u0131ca, her teknenin \u00f6zellikle tasarlanm\u0131\u015f i\u00e7 mekanlar\u0131, teknolojik \u00f6zellikleri ve detaylar\u0131, fuar alan\u0131nda gezinenleri etkileyici bir denizcilik d\u00fcnyas\u0131na davet eder.<\/p>\n<h4>Tekne \u0130\u00e7i Deneyim Alanlar\u0131<\/h4>\n<p>Fuar alan\u0131nda, tekne i\u00e7i deneyim alanlar\u0131 da \u00f6nemli bir yer tutar. Ziyaret\u00e7iler, farkl\u0131 tekne modellerine ger\u00e7ek\u00e7i bir bi\u00e7imde binebilir, i\u00e7 mekanlar\u0131 gezebilir ve deneyimleyebilirler. Bu alanlar, potansiyel al\u0131c\u0131lar i\u00e7in tekne sat\u0131n almadan \u00f6nce kapsaml\u0131 bir inceleme yapma \u015fans\u0131 sa\u011flar.<\/p>\n<h5>Teknolojik \u0130novasyonlar<\/h5>\n<p>Teknolojik geli\u015fmeler, denizcilik d\u00fcnyas\u0131n\u0131 da etkilemi\u015f durumda. Tekne fuar alanlar\u0131, en son denizcilik teknolojilerini sergileyerek, ziyaret\u00e7ilere sekt\u00f6rdeki yenilikleri yak\u0131ndan takip etme \u015fans\u0131 verir. Bu teknolojik inovasyonlar, seyir g\u00fcvenli\u011finden e\u011flence sistemlerine kadar bir\u00e7ok farkl\u0131 alanda kendini g\u00f6sterir.<\/p>\n<h6>E\u011fitim Seminerleri ve At\u00f6lyeler<\/h6>\n<p>Fuar alanlar\u0131, genellikle denizcilikle ilgili uzmanlar taraf\u0131ndan d\u00fczenlenen e\u011fitim seminerlerine ve at\u00f6lye \u00e7al\u0131\u015fmalar\u0131na ev sahipli\u011fi yapar. Bu etkinlikler, ziyaret\u00e7ilere denizcilik d\u00fcnyas\u0131 hakk\u0131nda derinlemesine bilgi edinme ve uzman g\u00f6r\u00fc\u015flerini dinleme f\u0131rsat\u0131 sunar.<\/p>\n<h6>Aile Etkinlikleri ve Lezzet K\u00f6\u015feleri<\/h6>\n<p>Tekne fuarlar\u0131 sadece tekne severlere de\u011fil, ayn\u0131 zamanda ailelere de hitap eder. Fuar alan\u0131nda genellikle \u00e7ocuklar i\u00e7in \u00f6zel etkinlikler, ailelerin keyifli bir g\u00fcn ge\u00e7irmesini sa\u011flar. Ayr\u0131ca, lezzet k\u00f6\u015feleri ve deniz mahsulleri standlar\u0131 da ziyaret\u00e7ilere farkl\u0131 mutfaklar\u0131 ke\u015ffetme imkan\u0131 tan\u0131r.<\/p>\n<h6>Denizle Dolu Bir D\u00fcnya<\/h6>\n<p>Tekne fuar alan\u0131, denizcilik tutkunlar\u0131n\u0131 bir araya getiren, denizle dolu bir d\u00fcnyan\u0131n kap\u0131lar\u0131n\u0131 aralayan b\u00fcy\u00fcl\u00fc bir atmosfer sunar. Geni\u015f alanlar\u0131, \u00e7e\u015fitli tekne modelleri, teknolojik inovasyonlar, e\u011fitim seminerleri ve aile etkinlikleriyle tekne fuarlar\u0131, deniz tutkusunu payla\u015fan insanlar\u0131 bir araya getirerek unutulmaz bir deneyim sunar.<\/p>\n<form action=\"\">\u00a0<input type=\"hidden\" name=\"trp-form-language\" value=\"en\"\/><\/form>","protected":false},"excerpt":{"rendered":"<p>Antalya Anfa\u015f Fuar ve Kongre Merkezi ANFA\u015e, Antalya&#8217;n\u0131n fuarlar ve kongreler kenti olarak \u00f6nemini s\u00fcrd\u00fcrmesine katk\u0131 sa\u011flayan bir organizasyon firmas\u0131d\u0131r. Kentin ekonomik ve k\u00fclt\u00fcrel a\u00e7\u0131dan b\u00fcy\u00fcmesine \u00f6nemli katk\u0131larda bulunan ANFA\u015e etkinlikleri, denizcilik fuarlar\u0131ndan otelcilik organizasyonlar\u0131na kadar bir\u00e7ok alanda kente zenginlik katmaktad\u0131r. Bu nedenle, ANFA\u015e&#8217;\u0131n d\u00fczenledi\u011fi etkinliklerin her biri, denizcilikten turizme kadar bir\u00e7ok sekt\u00f6rdeki profesyoneller ve [&hellip;]<\/p>","protected":false},"author":1,"featured_media":0,"parent":0,"menu_order":0,"comment_status":"closed","ping_status":"closed","template":"","meta":{"footnotes":""},"class_list":["post-654","page","type-page","status-publish","hentry"],"acf":[],"_links":{"self":[{"href":"https:\/\/yachtlifeboatshow.com\/en\/wp-json\/wp\/v2\/pages\/654","targetHints":{"allow":["GET"]}}],"collection":[{"href":"https:\/\/yachtlifeboatshow.com\/en\/wp-json\/wp\/v2\/pages"}],"about":[{"href":"https:\/\/yachtlifeboatshow.com\/en\/wp-json\/wp\/v2\/types\/page"}],"author":[{"embeddable":true,"href":"https:\/\/yachtlifeboatshow.com\/en\/wp-json\/wp\/v2\/users\/1"}],"replies":[{"embeddable":true,"href":"https:\/\/yachtlifeboatshow.com\/en\/wp-json\/wp\/v2\/comments?post=654"}],"version-history":[{"count":30,"href":"https:\/\/yachtlifeboatshow.com\/en\/wp-json\/wp\/v2\/pages\/654\/revisions"}],"predecessor-version":[{"id":2672,"href":"https:\/\/yachtlifeboatshow.com\/en\/wp-json\/wp\/v2\/pages\/654\/revisions\/2672"}],"wp:attachment":[{"href":"https:\/\/yachtlifeboatshow.com\/en\/wp-json\/wp\/v2\/media?parent=654"}],"curies":[{"name":"wp","href":"https:\/\/api.w.org\/{rel}","templated":true}]}}