{"id":696,"date":"2023-10-02T20:24:15","date_gmt":"2023-10-02T20:24:15","guid":{"rendered":"https:\/\/charming-dewdney.38-242-201-227.plesk.page\/?page_id=696"},"modified":"2023-11-20T11:36:47","modified_gmt":"2023-11-20T11:36:47","slug":"ziyaretci-profili-denizcilik","status":"publish","type":"page","link":"https:\/\/yachtlifeboatshow.com\/en\/ziyaretci-profili-denizcilik\/","title":{"rendered":"Visitor Profile"},"content":{"rendered":"<div data-elementor-type=\"wp-page\" data-elementor-id=\"696\" class=\"elementor elementor-696\" data-elementor-post-type=\"page\">\n\t\t\t\t\t\t\t<div class=\"elementor-element elementor-element-62e5633 e-flex e-con-boxed e-con e-parent\" data-id=\"62e5633\" data-element_type=\"container\" data-settings=\"{&quot;content_width&quot;:&quot;boxed&quot;,&quot;ekit_has_onepagescroll_dot&quot;:&quot;yes&quot;}\" data-core-v316-plus=\"true\">\n\t\t\t\t\t<div class=\"e-con-inner\">\n\t\t\t\t<div class=\"elementor-element elementor-element-b025dd8 elementor-widget elementor-widget-image\" data-id=\"b025dd8\" data-element_type=\"widget\" data-settings=\"{&quot;ekit_we_effect_on&quot;:&quot;none&quot;}\" data-widget_type=\"image.default\">\n\t\t\t\t<div class=\"elementor-widget-container\">\n\t\t\t<style>\/*! elementor - v3.17.0 - 08-11-2023 *\/\n.elementor-widget-image{text-align:center}.elementor-widget-image a{display:inline-block}.elementor-widget-image a img[src$=\".svg\"]{width:48px}.elementor-widget-image img{vertical-align:middle;display:inline-block}<\/style>\t\t\t\t\t\t\t\t\t\t\t\t<img decoding=\"async\" width=\"1700\" height=\"300\" src=\"https:\/\/yachtlifeboatshow.com\/wp-content\/uploads\/2023\/11\/denizcilik.png\" class=\"attachment-full size-full wp-image-2503\" alt=\"denizcilik\" srcset=\"https:\/\/yachtlifeboatshow.com\/wp-content\/uploads\/2023\/11\/denizcilik.png 1700w, https:\/\/yachtlifeboatshow.com\/wp-content\/uploads\/2023\/11\/denizcilik-300x53.png 300w, https:\/\/yachtlifeboatshow.com\/wp-content\/uploads\/2023\/11\/denizcilik-1024x181.png 1024w, https:\/\/yachtlifeboatshow.com\/wp-content\/uploads\/2023\/11\/denizcilik-768x136.png 768w, https:\/\/yachtlifeboatshow.com\/wp-content\/uploads\/2023\/11\/denizcilik-1536x271.png 1536w, https:\/\/yachtlifeboatshow.com\/wp-content\/uploads\/2023\/11\/denizcilik-18x3.png 18w\" sizes=\"(max-width: 1700px) 100vw, 1700px\" \/>\t\t\t\t\t\t\t\t\t\t\t\t\t\t\t<\/div>\n\t\t\t\t<\/div>\n\t\t\t\t\t<\/div>\n\t\t\t\t<\/div>\n\t\t\t\t<section class=\"elementor-section elementor-top-section elementor-element elementor-element-7ff10af6 elementor-section-boxed elementor-section-height-default elementor-section-height-default\" data-id=\"7ff10af6\" data-element_type=\"section\" data-settings=\"{&quot;ekit_has_onepagescroll_dot&quot;:&quot;yes&quot;}\">\n\t\t\t\t\t\t<div class=\"elementor-container elementor-column-gap-no\">\n\t\t\t\t\t<div class=\"elementor-column elementor-col-50 elementor-top-column elementor-element elementor-element-4694fdb2\" data-id=\"4694fdb2\" data-element_type=\"column\">\n\t\t\t<div class=\"elementor-widget-wrap elementor-element-populated\">\n\t\t\t\t\t\t\t\t<div class=\"elementor-element elementor-element-2939b294 elementor-widget elementor-widget-elementskit-heading\" data-id=\"2939b294\" data-element_type=\"widget\" data-settings=\"{&quot;ekit_we_effect_on&quot;:&quot;none&quot;}\" data-widget_type=\"elementskit-heading.default\">\n\t\t\t\t<div class=\"elementor-widget-container\">\n\t\t\t<div class=\"ekit-wid-con\" ><div class=\"ekit-heading elementskit-section-title-wraper text_left   ekit_heading_tablet-   ekit_heading_mobile-text_center\"><\/div><\/div>\t\t<\/div>\n\t\t\t\t<\/div>\n\t\t\t\t<div class=\"elementor-element elementor-element-79c04064 elementor-widget-divider--view-line elementor-widget elementor-widget-divider\" data-id=\"79c04064\" data-element_type=\"widget\" data-settings=\"{&quot;ekit_we_effect_on&quot;:&quot;none&quot;}\" data-widget_type=\"divider.default\">\n\t\t\t\t<div class=\"elementor-widget-container\">\n\t\t\t<style>\/*! elementor - v3.17.0 - 08-11-2023 *\/\n.elementor-widget-divider{--divider-border-style:none;--divider-border-width:1px;--divider-color:#0c0d0e;--divider-icon-size:20px;--divider-element-spacing:10px;--divider-pattern-height:24px;--divider-pattern-size:20px;--divider-pattern-url:none;--divider-pattern-repeat:repeat-x}.elementor-widget-divider .elementor-divider{display:flex}.elementor-widget-divider .elementor-divider__text{font-size:15px;line-height:1;max-width:95%}.elementor-widget-divider .elementor-divider__element{margin:0 var(--divider-element-spacing);flex-shrink:0}.elementor-widget-divider .elementor-icon{font-size:var(--divider-icon-size)}.elementor-widget-divider .elementor-divider-separator{display:flex;margin:0;direction:ltr}.elementor-widget-divider--view-line_icon .elementor-divider-separator,.elementor-widget-divider--view-line_text .elementor-divider-separator{align-items:center}.elementor-widget-divider--view-line_icon .elementor-divider-separator:after,.elementor-widget-divider--view-line_icon .elementor-divider-separator:before,.elementor-widget-divider--view-line_text .elementor-divider-separator:after,.elementor-widget-divider--view-line_text .elementor-divider-separator:before{display:block;content:\"\";border-bottom:0;flex-grow:1;border-top:var(--divider-border-width) var(--divider-border-style) var(--divider-color)}.elementor-widget-divider--element-align-left .elementor-divider .elementor-divider-separator>.elementor-divider__svg:first-of-type{flex-grow:0;flex-shrink:100}.elementor-widget-divider--element-align-left .elementor-divider-separator:before{content:none}.elementor-widget-divider--element-align-left .elementor-divider__element{margin-left:0}.elementor-widget-divider--element-align-right .elementor-divider .elementor-divider-separator>.elementor-divider__svg:last-of-type{flex-grow:0;flex-shrink:100}.elementor-widget-divider--element-align-right .elementor-divider-separator:after{content:none}.elementor-widget-divider--element-align-right .elementor-divider__element{margin-right:0}.elementor-widget-divider:not(.elementor-widget-divider--view-line_text):not(.elementor-widget-divider--view-line_icon) .elementor-divider-separator{border-top:var(--divider-border-width) var(--divider-border-style) var(--divider-color)}.elementor-widget-divider--separator-type-pattern{--divider-border-style:none}.elementor-widget-divider--separator-type-pattern.elementor-widget-divider--view-line .elementor-divider-separator,.elementor-widget-divider--separator-type-pattern:not(.elementor-widget-divider--view-line) .elementor-divider-separator:after,.elementor-widget-divider--separator-type-pattern:not(.elementor-widget-divider--view-line) .elementor-divider-separator:before,.elementor-widget-divider--separator-type-pattern:not([class*=elementor-widget-divider--view]) .elementor-divider-separator{width:100%;min-height:var(--divider-pattern-height);-webkit-mask-size:var(--divider-pattern-size) 100%;mask-size:var(--divider-pattern-size) 100%;-webkit-mask-repeat:var(--divider-pattern-repeat);mask-repeat:var(--divider-pattern-repeat);background-color:var(--divider-color);-webkit-mask-image:var(--divider-pattern-url);mask-image:var(--divider-pattern-url)}.elementor-widget-divider--no-spacing{--divider-pattern-size:auto}.elementor-widget-divider--bg-round{--divider-pattern-repeat:round}.rtl .elementor-widget-divider .elementor-divider__text{direction:rtl}.e-con-inner>.elementor-widget-divider,.e-con>.elementor-widget-divider{width:var(--container-widget-width,100%);--flex-grow:var(--container-widget-flex-grow)}<\/style>\t\t<div class=\"elementor-divider\">\n\t\t\t<span class=\"elementor-divider-separator\">\n\t\t\t\t\t\t<\/span>\n\t\t<\/div>\n\t\t\t\t<\/div>\n\t\t\t\t<\/div>\n\t\t\t\t<div class=\"elementor-element elementor-element-c1a4544 elementor-widget elementor-widget-text-editor\" data-id=\"c1a4544\" data-element_type=\"widget\" data-settings=\"{&quot;ekit_we_effect_on&quot;:&quot;none&quot;}\" data-widget_type=\"text-editor.default\">\n\t\t\t\t<div class=\"elementor-widget-container\">\n\t\t\t<style>\/*! elementor - v3.17.0 - 08-11-2023 *\/\n.elementor-widget-text-editor.elementor-drop-cap-view-stacked .elementor-drop-cap{background-color:#69727d;color:#fff}.elementor-widget-text-editor.elementor-drop-cap-view-framed .elementor-drop-cap{color:#69727d;border:3px solid;background-color:transparent}.elementor-widget-text-editor:not(.elementor-drop-cap-view-default) .elementor-drop-cap{margin-top:8px}.elementor-widget-text-editor:not(.elementor-drop-cap-view-default) .elementor-drop-cap-letter{width:1em;height:1em}.elementor-widget-text-editor .elementor-drop-cap{float:left;text-align:center;line-height:1;font-size:50px}.elementor-widget-text-editor .elementor-drop-cap-letter{display:inline-block}<\/style>\t\t\t\t<h5>Denizcilik D\u00fcnyas\u0131n\u0131 Neden Ziyaret Etmelisiniz?<\/h5><p>Denizcilik d\u00fcnyas\u0131, her y\u0131l bir\u00e7ok heyecan verici etkinlik ve fuarla doludur. Ancak bu etkinliklerin aras\u0131ndan s\u0131yr\u0131lan, deniz tutkunlar\u0131n\u0131n g\u00f6zdesi haline gelmi\u015f bir etkinlik var: <a href=\"https:\/\/yachtlifeboatshow.com\/en\/\">Yacht Life Boat Show<\/a>. Her y\u0131l binlerce ki\u015finin kat\u0131ld\u0131\u011f\u0131 ve d\u00fcnya denizcilik sekt\u00f6r\u00fcn\u00fcn en b\u00fcy\u00fck fuar\u0131 olan Yacht Life Boat Show, 16-24 Aral\u0131k 2023 tarihlerinde Antalya Anfa\u015f Fuar ve Kongre Merkezi&#8217;nde ger\u00e7ekle\u015fecek.<\/p><p>Yacht Life Boat Show, deniz d\u00fcnyas\u0131n\u0131n nabz\u0131n\u0131 tutan bir etkinliktir. Burada, mega yatlar, tekneler, ve yelkenliler gibi deniz ara\u00e7lar\u0131n\u0131n en son modellerini ve tasar\u0131mlar\u0131n\u0131 yak\u0131ndan g\u00f6rebilirsiniz. Deniz sekt\u00f6r\u00fcn\u00fcn \u00f6nde gelen firmalar\u0131, \u00fcr\u00fcnlerini sergileyerek sekt\u00f6rdeki son geli\u015fmeleri ve yenilikleri payla\u015f\u0131rlar. Bu etkinlik, deniz d\u00fcnyas\u0131n\u0131n d\u00f6rt bir yan\u0131ndan gelen profesyonelleri ve deniz tutkunlar\u0131n\u0131 bir araya getirir, bu da deniz ile ilgili son trendleri \u00f6\u011frenmek ve sekt\u00f6rdeki en g\u00fcncel bilgilere ula\u015fmak i\u00e7in m\u00fckemmel bir f\u0131rsatt\u0131r.<\/p><h5>Visitor Profile<\/h5><ul><li>Importers<\/li><li>Exporters<\/li><li>Distributors<\/li><li>Wholesalers<\/li><li>Boat Builders<\/li><li>Designers<\/li><li>Architects<\/li><li>Distributors and Agencies<\/li><li>Yacht Captains<\/li><li>Boat Enthusiast General Visitors<\/li><\/ul><div>\u00a0<\/div><div><p>Denizler, y\u00fczy\u0131llar boyunca insanl\u0131\u011f\u0131n hayat\u0131nda \u00f6nemli bir rol oynam\u0131\u015f, ticaretten ke\u015fiflere kadar bir\u00e7ok alan\u0131 etkileyen kapsaml\u0131 bir konsepttir. G\u00fcn\u00fcm\u00fczde ise denizcilik, modern teknolojinin ve ilerlemelerin etkisiyle daha da \u00f6nem kazanm\u0131\u015f durumda. Deniz d\u00fcnyas\u0131n\u0131n zengin miras\u0131 ve gelecekteki potansiyeli, bir <a href=\"http:\/\/yachtlifetravel.com\/dergiler\/\" target=\"_blank\" rel=\"noopener\">boat show fuar\u0131<\/a> web sitesi \u00fczerinden ke\u015ffedilmeyi bekliyor.<\/p><\/div>\t\t\t\t\t\t<\/div>\n\t\t\t\t<\/div>\n\t\t\t\t\t<\/div>\n\t\t<\/div>\n\t\t\t\t<div class=\"elementor-column elementor-col-50 elementor-top-column elementor-element elementor-element-24f7b238\" data-id=\"24f7b238\" data-element_type=\"column\">\n\t\t\t<div class=\"elementor-widget-wrap elementor-element-populated\">\n\t\t\t\t\t\t\t\t<section class=\"elementor-section elementor-inner-section elementor-element elementor-element-3e518671 elementor-section-boxed elementor-section-height-default elementor-section-height-default\" data-id=\"3e518671\" data-element_type=\"section\" data-settings=\"{&quot;ekit_has_onepagescroll_dot&quot;:&quot;yes&quot;}\">\n\t\t\t\t\t\t<div class=\"elementor-container elementor-column-gap-no\">\n\t\t\t\t\t<div class=\"elementor-column elementor-col-100 elementor-inner-column elementor-element elementor-element-5aa18c42\" data-id=\"5aa18c42\" data-element_type=\"column\" data-settings=\"{&quot;background_background&quot;:&quot;classic&quot;}\">\n\t\t\t<div class=\"elementor-widget-wrap elementor-element-populated\">\n\t\t\t\t\t<div class=\"elementor-background-overlay\"><\/div>\n\t\t\t\t\t\t\t\t<div class=\"elementor-element elementor-element-bea4d80 elementor-widget elementor-widget-image\" data-id=\"bea4d80\" data-element_type=\"widget\" data-settings=\"{&quot;ekit_we_effect_on&quot;:&quot;none&quot;}\" data-widget_type=\"image.default\">\n\t\t\t\t<div class=\"elementor-widget-container\">\n\t\t\t\t\t\t\t\t\t\t\t\t\t\t\t<img decoding=\"async\" src=\"https:\/\/yachtlifeboatshow.com\/wp-content\/uploads\/2024\/11\/reklamgorseli@5x-100-scaled.jpg\" title=\"\" alt=\"\" loading=\"lazy\" \/>\t\t\t\t\t\t\t\t\t\t\t\t\t\t\t<\/div>\n\t\t\t\t<\/div>\n\t\t\t\t<div class=\"elementor-element elementor-element-6e97bc81 elementor-widget elementor-widget-image\" data-id=\"6e97bc81\" data-element_type=\"widget\" data-settings=\"{&quot;ekit_we_effect_on&quot;:&quot;none&quot;}\" data-widget_type=\"image.default\">\n\t\t\t\t<div class=\"elementor-widget-container\">\n\t\t\t\t\t\t\t\t\t\t\t\t\t\t\t<img decoding=\"async\" src=\"https:\/\/yachtlifeboatshow.com\/wp-content\/uploads\/2024\/08\/www.yachtlifeboatshow.com-3.png\" title=\"\" alt=\"\" loading=\"lazy\" \/>\t\t\t\t\t\t\t\t\t\t\t\t\t\t\t<\/div>\n\t\t\t\t<\/div>\n\t\t\t\t\t<\/div>\n\t\t<\/div>\n\t\t\t\t\t\t\t<\/div>\n\t\t<\/section>\n\t\t\t\t\t<\/div>\n\t\t<\/div>\n\t\t\t\t\t\t\t<\/div>\n\t\t<\/section>\n\t\t<div class=\"elementor-element elementor-element-306ba98 e-flex e-con-boxed e-con e-parent\" data-id=\"306ba98\" data-element_type=\"container\" data-settings=\"{&quot;content_width&quot;:&quot;boxed&quot;,&quot;ekit_has_onepagescroll_dot&quot;:&quot;yes&quot;}\" data-core-v316-plus=\"true\">\n\t\t\t\t\t<div class=\"e-con-inner\">\n\t\t\t\t<div class=\"elementor-element elementor-element-40e679f elementor-widget elementor-widget-heading\" data-id=\"40e679f\" data-element_type=\"widget\" data-settings=\"{&quot;ekit_we_effect_on&quot;:&quot;none&quot;}\" data-widget_type=\"heading.default\">\n\t\t\t\t<div class=\"elementor-widget-container\">\n\t\t\t<style>\/*! elementor - v3.17.0 - 08-11-2023 *\/\n.elementor-heading-title{padding:0;margin:0;line-height:1}.elementor-widget-heading .elementor-heading-title[class*=elementor-size-]>a{color:inherit;font-size:inherit;line-height:inherit}.elementor-widget-heading .elementor-heading-title.elementor-size-small{font-size:15px}.elementor-widget-heading .elementor-heading-title.elementor-size-medium{font-size:19px}.elementor-widget-heading .elementor-heading-title.elementor-size-large{font-size:29px}.elementor-widget-heading .elementor-heading-title.elementor-size-xl{font-size:39px}.elementor-widget-heading .elementor-heading-title.elementor-size-xxl{font-size:59px}<\/style><h2 class=\"elementor-heading-title elementor-size-default\">Denizcilik Tutkunlar\u0131 \u0130\u00e7in Bir Cennet: Boat Show Fuar\u0131 Web Sitesi \u00dczerinden Deniz D\u00fcnyas\u0131na Yolculuk\n\n<\/h2>\t\t<\/div>\n\t\t\t\t<\/div>\n\t\t\t\t\t<\/div>\n\t\t\t\t<\/div>\n\t\t<div class=\"elementor-element elementor-element-2afe773 e-flex e-con-boxed e-con e-parent\" data-id=\"2afe773\" data-element_type=\"container\" data-settings=\"{&quot;content_width&quot;:&quot;boxed&quot;,&quot;ekit_has_onepagescroll_dot&quot;:&quot;yes&quot;}\" data-core-v316-plus=\"true\">\n\t\t\t\t\t<div class=\"e-con-inner\">\n\t\t\t\t<div class=\"elementor-element elementor-element-342c616 elementor-widget elementor-widget-text-editor\" data-id=\"342c616\" data-element_type=\"widget\" data-settings=\"{&quot;ekit_we_effect_on&quot;:&quot;none&quot;}\" data-widget_type=\"text-editor.default\">\n\t\t\t\t<div class=\"elementor-widget-container\">\n\t\t\t\t\t\t\t<p>Denizcilik, insanl\u0131\u011f\u0131n tarih boyunca ke\u015ffetti\u011fi s\u0131n\u0131rs\u0131z bir mavi d\u00fcnya. Geli\u015fen teknoloji ve k\u00fcresel ticaretle birlikte, denizcilik kavram\u0131 daha \u00f6nce hi\u00e7 olmad\u0131\u011f\u0131 kadar zengin ve \u00e7e\u015fitli bir hal alm\u0131\u015ft\u0131r. Bir boat show fuar\u0131 web sitesi, deniz tutkunlar\u0131 i\u00e7in bu muazzam d\u00fcnyay\u0131 ke\u015ffetme f\u0131rsat\u0131 sunuyor. Deniz, ticaretten maceraya, teknolojiden ekosistem korumas\u0131na kadar geni\u015f bir yelpazede etkiler yarat\u0131yor ve bu web sitesi, bu \u00e7e\u015fitli alanlar\u0131 kapsaml\u0131 bir \u015fekilde ele alarak ziyaret\u00e7ilerine benzersiz bir deneyim vadeder.<\/p><p><strong>Deniz Tarihinde Bir Yolculuk<\/strong><\/p><p>Deniz, insanl\u0131\u011f\u0131n ge\u00e7mi\u015fine \u0131\u015f\u0131k tutan bir tarihle i\u00e7 i\u00e7e ge\u00e7mi\u015ftir. Boat show fuar\u0131 web sitesi, ziyaret\u00e7ilere deniz tarihini anlatan interaktif sergiler ve sanal m\u00fczeler arac\u0131l\u0131\u011f\u0131yla unutulmaz bir yolculuk sunar. Antik \u00e7a\u011flardan g\u00fcn\u00fcm\u00fcze kadar uzanan bu tarihi ke\u015ffederken, deniz tutkunlar\u0131, gemi tasar\u0131mlar\u0131ndan denizcilerin ya\u015fam tarzlar\u0131na kadar bir\u00e7ok ilgin\u00e7 detay\u0131 \u00f6\u011frenme \u015fans\u0131n\u0131 yakalar.<\/p><p><strong>Modern Denizcilikte Teknolojik \u0130lerlemeler<\/strong><\/p><p>G\u00fcn\u00fcm\u00fczde denizcilik, teknolojinin etkisi alt\u0131nda s\u00fcrekli bir evrim ge\u00e7iriyor. Boat show fuar\u0131 web sitesi, ziyaret\u00e7ilere en son deniz teknolojilerini tan\u0131tma ve bu alandaki yenilik\u00e7i geli\u015fmeleri ke\u015ffetme f\u0131rsat\u0131 sunar. Ak\u0131ll\u0131 navigasyon sistemlerinden \u00e7evre dostu enerji kullan\u0131m\u0131na kadar, deniz d\u00fcnyas\u0131n\u0131n gelece\u011fini belirleyecek teknolojik ilerlemeleri bu web sitesi arac\u0131l\u0131\u011f\u0131yla yak\u0131ndan inceleyebilirsiniz.<\/p><p><strong>Deniz Ticaretinin Canl\u0131l\u0131\u011f\u0131<\/strong><\/p><p>Deniz, tarih boyunca ticaretin can damar\u0131 olmu\u015ftur. Boat show fuar\u0131 web sitesi, ziyaret\u00e7ilere k\u00fcresel deniz ticaretinin nas\u0131l evrildi\u011fini ve g\u00fcn\u00fcm\u00fczdeki \u00f6nemini anlatan interaktif g\u00f6sterimler sunar. Liman y\u00f6netimi, lojistik \u00e7\u00f6z\u00fcmler ve k\u00fcresel ticaretin bug\u00fcnk\u00fc dinamikleri, bu web sitesinde deniz tutkunlar\u0131n\u0131n ilgisini \u00e7ekecek birinci s\u0131n\u0131f i\u00e7eriklerle ele al\u0131n\u0131r.<\/p><p><strong>Deniz Ekosistemlerinin Korunmas\u0131<\/strong><\/p><p>Denizcilik, sadece ticaret ve ke\u015fifle s\u0131n\u0131rl\u0131 de\u011fildir; ayn\u0131 zamanda deniz ekosistemlerinin korunmas\u0131 da kritik bir \u00f6neme sahiptir. Boat show fuar\u0131 web sitesi, ziyaret\u00e7ilere deniz biyolojisi, sualt\u0131 ya\u015fam\u0131 ve s\u00fcrd\u00fcr\u00fclebilir denizcilik uygulamalar\u0131 konular\u0131nda e\u011fitici i\u00e7erikler sunarak, deniz d\u00fcnyas\u0131n\u0131n korunmas\u0131 i\u00e7in fark\u0131ndal\u0131k olu\u015fturmay\u0131 hedefler.<\/p><p><strong>Denizcilik Tutkunlar\u0131n\u0131n Bulu\u015fma Noktas\u0131<\/strong><\/p><p>Boat show fuar\u0131 web sitesi, deniz tutkunlar\u0131n\u0131n bir araya gelip deneyimlerini payla\u015fabilece\u011fi bir sanal topluluk olu\u015fturur. Ziyaret\u00e7iler, forumlar, canl\u0131 sohbetler ve etkile\u015fimli etkinlikler arac\u0131l\u0131\u011f\u0131yla di\u011fer deniz tutkunlar\u0131yla ileti\u015fim kurabilir, deneyimlerini payla\u015fabilir ve gelecekteki etkinliklere dair bilgi edinebilirler.<\/p><p>Deniz tutkunlar\u0131n\u0131n heyecanla bekledi\u011fi bir boat show fuar\u0131 web sitesi, deniz d\u00fcnyas\u0131n\u0131n geni\u015f yelpazesini kapsayan zengin i\u00e7eri\u011fiyle, online ortamda unutulmaz bir deneyim sunuyor. Denizcilik tarihinden teknolojik ilerlemelere, ticaretin canl\u0131l\u0131\u011f\u0131ndan ekosistem korumas\u0131na kadar, bu web sitesi, deniz d\u00fcnyas\u0131n\u0131 ke\u015ffetmeye y\u00f6nelik bir kap\u0131 aral\u0131yor ve ziyaret\u00e7ilere e\u015fsiz bir sanal deniz maceras\u0131 vadeder.<\/p><p><strong>Denizcilik K\u00fclt\u00fcr\u00fcn\u00fcn Renkleri<\/strong><\/p><p>Deniz sadece bir sekt\u00f6rden ibaret de\u011fil, ayn\u0131 zamanda zengin bir k\u00fclt\u00fcr miras\u0131d\u0131r. Boat show fuar\u0131 web sitesi, deniz k\u00fclt\u00fcr\u00fcn\u00fc ziyaret\u00e7ilere resimler, videolar ve interaktif anlat\u0131larla sunarak, denizcilerin ya\u015fam tarz\u0131n\u0131 ve geleneklerini yak\u0131ndan tan\u0131ma \u015fans\u0131 sunar. Denizcilik m\u00fczi\u011fi, efsanevi denizcilerin hikayeleri ve geleneksel denizcilik festivalleri gibi unsurlar, deniz tutkunlar\u0131 i\u00e7in bu web sitesini ger\u00e7ek bir deniz k\u00fclt\u00fcr\u00fc atlas\u0131na d\u00f6n\u00fc\u015ft\u00fcr\u00fcr. Bu, ziyaret\u00e7ilere deniz d\u00fcnyas\u0131n\u0131n sadece bir sekt\u00f6rden \u00f6te, ayn\u0131 zamanda bir ya\u015fam tarz\u0131 ve tutku oldu\u011funu hissettirir, b\u00f6ylece deniz d\u00fcnyas\u0131na dair bir derinlik kazanmalar\u0131na olanak tan\u0131r.<\/p>\t\t\t\t\t\t<\/div>\n\t\t\t\t<\/div>\n\t\t\t\t\t<\/div>\n\t\t\t\t<\/div>\n\t\t\t\t\t\t\t<\/div>","protected":false},"excerpt":{"rendered":"<p>Denizcilik D\u00fcnyas\u0131n\u0131 Neden Ziyaret Etmelisiniz? Denizcilik d\u00fcnyas\u0131, her y\u0131l bir\u00e7ok heyecan verici etkinlik ve fuarla doludur. Ancak bu etkinliklerin aras\u0131ndan s\u0131yr\u0131lan, deniz tutkunlar\u0131n\u0131n g\u00f6zdesi haline gelmi\u015f bir etkinlik var: Yacht Life Boat Show. Her y\u0131l binlerce ki\u015finin kat\u0131ld\u0131\u011f\u0131 ve d\u00fcnya denizcilik sekt\u00f6r\u00fcn\u00fcn en b\u00fcy\u00fck fuar\u0131 olan Yacht Life Boat Show, 16-24 Aral\u0131k 2023 tarihlerinde Antalya [&hellip;]<\/p>","protected":false},"author":1,"featured_media":0,"parent":0,"menu_order":0,"comment_status":"closed","ping_status":"closed","template":"","meta":{"footnotes":""},"class_list":["post-696","page","type-page","status-publish","hentry"],"acf":[],"_links":{"self":[{"href":"https:\/\/yachtlifeboatshow.com\/en\/wp-json\/wp\/v2\/pages\/696","targetHints":{"allow":["GET"]}}],"collection":[{"href":"https:\/\/yachtlifeboatshow.com\/en\/wp-json\/wp\/v2\/pages"}],"about":[{"href":"https:\/\/yachtlifeboatshow.com\/en\/wp-json\/wp\/v2\/types\/page"}],"author":[{"embeddable":true,"href":"https:\/\/yachtlifeboatshow.com\/en\/wp-json\/wp\/v2\/users\/1"}],"replies":[{"embeddable":true,"href":"https:\/\/yachtlifeboatshow.com\/en\/wp-json\/wp\/v2\/comments?post=696"}],"version-history":[{"count":38,"href":"https:\/\/yachtlifeboatshow.com\/en\/wp-json\/wp\/v2\/pages\/696\/revisions"}],"predecessor-version":[{"id":2527,"href":"https:\/\/yachtlifeboatshow.com\/en\/wp-json\/wp\/v2\/pages\/696\/revisions\/2527"}],"wp:attachment":[{"href":"https:\/\/yachtlifeboatshow.com\/en\/wp-json\/wp\/v2\/media?parent=696"}],"curies":[{"name":"wp","href":"https:\/\/api.w.org\/{rel}","templated":true}]}}